{"id":34249,"date":"2020-08-03T16:55:53","date_gmt":"2020-08-03T14:55:53","guid":{"rendered":"https:\/\/www.leibniz-bildung.de\/?page_id=34249"},"modified":"2021-09-23T14:43:28","modified_gmt":"2021-09-23T12:43:28","slug":"accessibility","status":"publish","type":"page","link":"https:\/\/www.leibniz-bildung.de\/en\/accessibility\/","title":{"rendered":"Accessibility"},"content":{"rendered":"\n<p>We aim to design our portal according to valid accessibility guidelines, i.e. the German <a rel=\"noreferrer noopener\" href=\"https:\/\/www.bitvtest.de\/\" target=\"_blank\">BITV 2.0<\/a>.<\/p>\n\n\n\n<p>For the German version, we received support for texts in easy-to-read language from Wetterauer B\u00fcro f\u00fcr Leichte Sprache. A German sign language (Deutsche Geb\u00e4rdensprache) translation was\u00a0delivered by Kompetenzzentrum f\u00fcr Geb\u00e4rdensprache und Gestik (SignGes) at RWTH Aachen. There are currently no English language versions in easy-to-read language and sign language.<\/p>\n\n\n\n<p>Please let us know about your comments, criticism or questions concerning the accessibility of our web pages by e-mailing <a href=\"mailto:dbs@dipf.de\">leibniz-bildungspotenziale@dipf.de<\/a><\/p>\n","protected":false},"excerpt":{"rendered":"<p>We aim to design our portal according to valid accessibility guidelines, i.e. the German BITV 2.0. For the German version, we received support for texts in easy-to-read language from Wetterauer B\u00fcro f\u00fcr Leichte Sprache. A German sign language (Deutsche Geb\u00e4rdensprache) translation was\u00a0delivered by Kompetenzzentrum f\u00fcr Geb\u00e4rdensprache und Gestik (SignGes) at RWTH Aachen. There are currently [&hellip;]<\/p>\n","protected":false},"author":4,"featured_media":0,"parent":0,"menu_order":0,"comment_status":"closed","ping_status":"closed","template":"","meta":{"_acf_changed":false,"_coblocks_attr":"","_coblocks_dimensions":"","_coblocks_responsive_height":"","_coblocks_accordion_ie_support":"","footnotes":"","_links_to":"","_links_to_target":""},"class_list":["post-34249","page","type-page","status-publish","hentry"],"acf":[],"_links":{"self":[{"href":"https:\/\/www.leibniz-bildung.de\/en\/wp-json\/wp\/v2\/pages\/34249","targetHints":{"allow":["GET"]}}],"collection":[{"href":"https:\/\/www.leibniz-bildung.de\/en\/wp-json\/wp\/v2\/pages"}],"about":[{"href":"https:\/\/www.leibniz-bildung.de\/en\/wp-json\/wp\/v2\/types\/page"}],"author":[{"embeddable":true,"href":"https:\/\/www.leibniz-bildung.de\/en\/wp-json\/wp\/v2\/users\/4"}],"replies":[{"embeddable":true,"href":"https:\/\/www.leibniz-bildung.de\/en\/wp-json\/wp\/v2\/comments?post=34249"}],"version-history":[{"count":3,"href":"https:\/\/www.leibniz-bildung.de\/en\/wp-json\/wp\/v2\/pages\/34249\/revisions"}],"predecessor-version":[{"id":50638,"href":"https:\/\/www.leibniz-bildung.de\/en\/wp-json\/wp\/v2\/pages\/34249\/revisions\/50638"}],"wp:attachment":[{"href":"https:\/\/www.leibniz-bildung.de\/en\/wp-json\/wp\/v2\/media?parent=34249"}],"curies":[{"name":"wp","href":"https:\/\/api.w.org\/{rel}","templated":true}]}}